{"id":1092,"date":"2020-01-10T12:41:38","date_gmt":"2020-01-10T11:41:38","guid":{"rendered":"https:\/\/www.convivialthinking.org\/?page_id=1092"},"modified":"2020-01-10T12:41:38","modified_gmt":"2020-01-10T11:41:38","slug":"desarrollo-un-proyecto-fallido","status":"publish","type":"page","link":"https:\/\/convivialthinking.org\/index.php\/desarrollo-un-proyecto-fallido\/","title":{"rendered":"Desarrollo: un proyecto fallido"},"content":{"rendered":"<p style=\"text-align: justify;\"><em>by Julia Sch\u00f6neberg<\/em><\/p>\n<p style=\"text-align: justify;\">First published on <a href=\"https:\/\/www.opendemocracy.net\/es\/\">democracia abierta<\/a><\/p>\n<p style=\"text-align: justify;\">Es hora de abandonar el desarrollo y pensar en el postdesarrollo.<\/p>\n<div class=\"article-page__rich-text\" style=\"text-align: justify;\">\n<div class=\"rich-text\">\n<p><b><i>\u00bfDefiendes el pensamiento libre para el mundo? En democraciaAbierta, luchamos contra la censura, el miedo, los fake news y la manipulaci\u00f3n, defendiendo el pensamiento libre para el mundo. Dona y convi\u00e9rtete, junto a nosotros, en defensor<\/i><\/b> <a href=\"https:\/\/vaki.co\/vaki\/democraciaAbierta\"><b><i>aqu\u00ed<\/i><\/b><\/a><\/p>\n<p><i>Este art\u00edculo es parte de la serie &#8216;<\/i><a href=\"https:\/\/www.opendemocracy.net\/en\/oureconomy\/decolonising-the-economy\/\"><i>Descolonizar la econom\u00eda&#8217; .<\/i><\/a><\/p>\n<p>&#8220;Ellos me hablan sobre el progreso, sobre &#8216;logros&#8217;, sobre enfermedades curadas, niveles de vida mejorados. Yo estoy hablando de sociedades despojadas de su esencia, culturas pisoteadas, instituciones socavadas, tierras confiscadas, religiones destruidas, magn\u00edficas creaciones art\u00edsticas destrozadas, maravillosas posibilidades anuladas. Me arrojan datos a la cabeza, estad\u00edsticas, kilometraje de carreteras, canales y v\u00edas f\u00e9rreas. [&#8230;] Estoy hablando de econom\u00edas naturales que han sido interrumpidas, econom\u00edas armoniosas y viables adaptadas a la poblaci\u00f3n ind\u00edgena, sobre cultivos destruidos, desnutrici\u00f3n introducida permanentemente, el desarrollo agr\u00edcola orientado exclusivamente hacia el beneficio de los pa\u00edses metropolitanos, sobre el saqueo de productos, el saqueo de materias primas &#8220;.<\/p>\n<p><i>&#8211; Aime C\u00e9saire (1950): &#8216;Discurso sobre el colonialismo&#8217;<\/i><\/p>\n<p>No nos andemos por las ramas: para comprender los problemas que existen con el discurso y la pr\u00e1ctica actuales de &#8220;desarrollo&#8221;, no hay otra alternativa que situar a ese &#8220;desarrollo&#8221; como una construcci\u00f3n que ha resultado del colonialismo y que lo contin\u00faa perpetuando en su legado. Nada ilustra esto mejor que la cita anterior del poderoso ensayo de Aime C\u00e9saire sobre el &#8220;Discurso sobre el colonialismo&#8221;. Casi se lee como una cr\u00edtica contempor\u00e1nea de intervenciones de desarrollo fallidas, una aguda disecci\u00f3n del extractivismo, del fetichismo del crecimiento econ\u00f3mico, la divisi\u00f3n global del trabajo y la marginaci\u00f3n de cosmovisiones e imaginarios no occidentales. El texto tiene casi 70 a\u00f1os, pero su relevancia ahora mismo no podr\u00eda ser m\u00e1s evidente.<\/p>\n<h2><b>\u00bfCu\u00e1les son los problemas con el &#8220;desarrollo&#8221;?<\/b><\/h2>\n<p>Solo escribo sobre &#8216;desarrollo&#8217; entre comillas. La palabra, el concepto, la pr\u00e1ctica se ha utilizado (ab)usivamente para una variedad ampl\u00edsima de agendas espec\u00edficas, todas ellas estructuradas por jerarqu\u00edas y asimetr\u00edas de poder. Dependiendo de los usos a la moda, el &#8220;desarrollo&#8221; se ha conceptualizado como: desarrollo como crecimiento; desarrollo como progreso; desarrollo como empoderamiento; y <a href=\"https:\/\/convivialthinking.org\/index.php\/2018\/09\/22\/why-i-refuse-to-rethink-development-again-and-again-and-again\/\">muchos m\u00e1s<\/a>. Fundamentalmente, el t\u00e9rmino &#8220;desarrollo&#8221; se ha convertido en lo que <a href=\"https:\/\/cutt.ly\/VeIoQVR\">Gustavo Esteva<\/a> llama un t\u00e9rmino &#8220;ameba&#8221;, uno que carece de significado real.<\/p>\n<p>La caracter\u00edstica com\u00fan de todas estas definiciones es que descansan en una dicotom\u00eda intr\u00ednseca entre &#8220;Occidente&#8221; y el &#8220;resto&#8221;, lo desarrollado y lo subdesarrollado. Existe la suposici\u00f3n inherente de que hay quienes poseen las soluciones y aquellos que necesitan ayuda. Ese &#8216;desarrollo&#8217; puede ser dirigido por intervenci\u00f3n. Como queda claro en la formulaci\u00f3n de los Objetivos de Desarrollo Sostenible de la ONU, el crecimiento econ\u00f3mico sigue siendo fundamental en cualquier definici\u00f3n, a pesar de que existen obvias contradicciones con la ecolog\u00eda.<\/p>\n<p>De manera irritante, el &#8220;desarrollo&#8221;, a pesar de la falta de claridad y m\u00faltiples fracasos, contin\u00faa consider\u00e1ndose algo bueno en s\u00ed mismo, el \u00fanico medio viable para lograr un resultado positivo. Se rechazan las cr\u00edticas que se\u00f1alan una <a href=\"https:\/\/www.oxfam.org\/en\/press-releases\/billionaire-fortunes-grew-25-billion-day-last-year-poorest-saw-their-wealth-fall\">brecha cada vez mayor<\/a> entre los que m\u00e1s poseen y los que intentan llegar a fin de mes cada vez con menos y menos recursos. Pero la convicci\u00f3n persiste: si el &#8220;desarrollo&#8221; se practicara de manera m\u00e1s participativa, m\u00e1s inclusiva y m\u00e1s poderosa, entonces&#8230; Si sel &#8220;desarrollo&#8221; implementara las soluciones tecnol\u00f3gicamente m\u00e1s avanzadas, mejores y m\u00e1s eficientes, entonces&#8230;. Entonces, \u00a1la pobreza ser\u00eda <a href=\"https:\/\/convivialthinking.org\/index.php\/2019\/05\/25\/problems-of-development-and-development-as-a-problem\/\">f\u00e1cilmente abolida<\/a>!<\/p>\n<h2><b>\u00bfQu\u00e9 es el postdesarrollo?<\/b><\/h2>\n<p>En este contexto, una nueva l\u00ednea de pensamiento est\u00e1 ganando terreno. La cr\u00edtica que propone el postdesarrollo se opone fuertemente a la creencia de que, simplemente, lo que hace falta es que arreglar los fallos del &#8220;desarrollo&#8221;. Por el contrario, los defensores del postdesarrollo proclaman que el &#8220;desarrollo&#8221; ha fracasado en su totalidad.<\/p>\n<\/div>\n<\/div>\n<div class=\"article-page__highlight\" style=\"text-align: justify;\">\n<blockquote class=\"blockquote__pull-quote-quotation\">\n<div class=\"blockquote__container\">\n<div class=\"rich-text\">\n<p>El postdesarrollo nos exige que valoremos una <a href=\"https:\/\/translate.google.com\/translate?hl=en&amp;prev=_t&amp;sl=en&amp;tl=es&amp;u=https:\/\/www.opendemocracy.net\/en\/oureconomy\/development-colonialism-disguise\/\">pluralidad<\/a> de formas de ver el mundo y que reconozcamos una multiplicidad de formas de vida<\/p>\n<\/div>\n<\/div>\n<\/blockquote>\n<\/div>\n<div class=\"article-page__rich-text\">\n<div class=\"rich-text\">\n<p style=\"text-align: justify;\">A pesar de constituir un grupo heterog\u00e9neo de cr\u00edticas, hay varios puntos comunes que son esenciales para los argumentos a favor del postdesarrollo:<\/p>\n<ul style=\"text-align: justify;\">\n<li>Ni las cuestiones econ\u00f3micas ni las metodol\u00f3gicas son las causas fundamentales de las desigualdades mundiales persistentes y crecientes sino, m\u00e1s bien, lo son las asimetr\u00edas de poder, la ideolog\u00eda, la representaci\u00f3n.<\/li>\n<li>El &#8220;desarrollo&#8221; se entiende como un discurso generado hist\u00f3ricamente que sirve para establecer, estabilizar y reproducir la hegemon\u00eda y el control.<\/li>\n<li>El &#8220;<a href=\"https:\/\/press.princeton.edu\/books\/paperback\/9780691150451\/encountering-development\">aparato de desarrollo<\/a>&#8220;, es decir, sus actores e instituciones, establece reglas que deben seguirse y define qui\u00e9n puede hablar, con qu\u00e9 autoridad y seg\u00fan qu\u00e9 criterios de experiencia.<\/li>\n<li>El &#8220;desarrollo&#8221; <a href=\"https:\/\/www.upress.umn.edu\/book-division\/books\/the-anti-politics-machine\">despolitiza las cuestiones de asignaci\u00f3n de recursos<\/a> , buscando simplemente soluciones t\u00e9cnicas a problemas t\u00e9cnicos.<\/li>\n<\/ul>\n<h2 style=\"text-align: justify;\"><b>\u00bfQu\u00e9 propone el postdesarrollo?<\/b><\/h2>\n<ul style=\"text-align: justify;\">\n<li>Un cuestionamiento fundamental de las caracter\u00edsticas centrales del discurso predominante de &#8220;desarrollo&#8221; que contin\u00faa enfoc\u00e1ndose en el crecimiento econ\u00f3mico, el productivismo, y conectado con una ret\u00f3rica de progreso basada en antropocentrismo, capitalismo, racionalismo, individualismo.<\/li>\n<li>Alternativas al modelo Occidental de homogeneizaci\u00f3n y el dominio de un marco l\u00f3gico de \u201cdesarrollo = progreso\u201d, especialmente medido en t\u00e9rminos exclusivamente econ\u00f3micos.<\/li>\n<li>Un contra-t\u00e9rmino que involucra una multiplicidad de cr\u00edticas sist\u00e9micas y sugiere diferentes formas de vida.<\/li>\n<\/ul>\n<h2 style=\"text-align: justify;\"><b>\u00bfAlternativas al desarrollo?<\/b><\/h2>\n<p style=\"text-align: justify;\">Un cuestionamiento profundo de toda la idea de &#8220;desarrollo&#8221; como tal resulta demasiado inc\u00f3modo e inconveniente. Sin embargo, especialmente a la luz del hecho de que cada vez es m\u00e1s dif\u00edcil pasar por alto la evidencia de la finitud de nuestro planeta, es hora de no solo buscar sino de practicar alternativas al desarrollo.<\/p>\n<p style=\"text-align: justify;\">No es necesario que estas alternativas sean pensadas por aquellos que se han proclamado &#8216;expertos en desarrollo&#8217; durante tanto tiempo, si bien se practican ampliamente en las sociedades perif\u00e9ricas no occidentales. Hasta ahora, estas otras visiones del mundo o cosmovisiones se descartan r\u00e1pidamente, calific\u00e1ndose de retrasadas \u200b\u200bo subdesarrolladas, simplemente porque no est\u00e1n a la altura del criterio de la modernidad euroc\u00e9ntrica.<\/p>\n<p style=\"text-align: justify;\">No se trata de romantizar la pobreza, una acusaci\u00f3n que a menudo se hace contra el postdesarrollo. M\u00e1s bien significa que no podemos formular una cr\u00edtica del desarrollo, ni hablar sobre el postdesarrollo, sin tomar una lente decolonial. Las obras decoloniales (por ejemplo, Icaza, <a href=\"https:\/\/translate.google.com\/translate?hl=en&amp;prev=_t&amp;sl=en&amp;tl=es&amp;u=https:\/\/www.jstor.org\/stable\/40928654%3Fseq%3D1\">Lugones<\/a> , <a href=\"https:\/\/translate.google.com\/translate?hl=en&amp;prev=_t&amp;sl=en&amp;tl=es&amp;u=http:\/\/globaldialogue.isa-sociology.org\/anibal-quijano-the-intellectual-par-excellence\/\">Quijano<\/a>) tienen una caracter\u00edstica com\u00fan: desaf\u00edan las narrativas hist\u00f3ricas que colocan a Europa en el centro y formulan la necesidad de considerar el mundo globalizado como lo conocemos en los contextos hist\u00f3ricos m\u00e1s amplios del colonialismo, el imperio y la esclavitud. El postdesarrollo se enmarca en esta tradici\u00f3n. La cuesti\u00f3n es ahora \u00bfc\u00f3mo podemos ponerlo en pr\u00e1ctica?<\/p>\n<p style=\"text-align: justify;\">Si consideramos el postdesarrollo como una &#8216;herramienta&#8217;, no nos estamos preguntando C\u00d3MO podemos mejorar el desarrollo, sino: &#8216;POR QU\u00c9, a trav\u00e9s de qu\u00e9 procesos hist\u00f3ricos y con qu\u00e9 consecuencias se &#8216; inventaron&#8217; Asia, \u00c1frica y Am\u00e9rica Latina bajo la idea de que constituyen el &#8216;Tercer Mundo&#8217;, a trav\u00e9s de qu\u00e9 discursos y pr\u00e1cticas de &#8216;desarrollo'( <a href=\"https:\/\/www.jstor.org\/stable\/466217%3Fseq%3D1\">Escobar 1992<\/a> ). El postdesarrollo pone en cuesti\u00f3n el orden mundial actual desde arriba y desde abajo al mismo tiempo.<\/p>\n<p style=\"text-align: justify;\">\u00bfQu\u00e9 quiero decir con poner en cuesti\u00f3n en orden mundial desde arriba y desde abajo?<\/p>\n<p style=\"text-align: justify;\">Primero, el postdesarrollo sirve como base para las cr\u00edticas sist\u00e9micas. Gran parte de la ayuda al desarrollo est\u00e1 dirigida a promover el crecimiento industrial. Jason Hickel platea importantes argumentos por <a href=\"https:\/\/onlinelibrary.wiley.com\/doi\/abs\/10.1002\/sd.1947\">escrito sobre<\/a> la contradicci\u00f3n que representan los Objetivos de Desarrollo Sostenible (ODS) en t\u00e9rminos de crecimiento y ecolog\u00eda. Argumenta en contra de la suposici\u00f3n impl\u00edcita de que el crecimiento industrial es necesario para el desarrollo humano. Por el contrario, Hickel propone repensar la agregaci\u00f3n del crecimiento econ\u00f3mico mundial como estrategia de desarrollo y, a cambio, centrarse en la protecci\u00f3n contra el acaparamiento de tierras, la protecci\u00f3n de las semillas, la regulaci\u00f3n de la especulaci\u00f3n financiera sobre los productos alimenticios, la cancelaci\u00f3n de la deuda, la justicia fiscal y la democratizaci\u00f3n de las instituciones clave de la gobernanza econ\u00f3mica mundial (BM, FMI) para que los pa\u00edses del Sur Global tengan una voz m\u00e1s fuerte.<\/p>\n<p style=\"text-align: justify;\">En segundo lugar, el postdesarrollo nos exige que valoremos una <a href=\"https:\/\/translate.google.com\/translate?hl=en&amp;prev=_t&amp;sl=en&amp;tl=es&amp;u=https:\/\/www.opendemocracy.net\/en\/oureconomy\/development-colonialism-disguise\/\">pluralidad<\/a> de formas de ver el mundo y que reconozcamos una multiplicidad de formas de vida, bienestar y buena vida, que no toma a Occidente como el est\u00e1ndar al que hay que aspirar. Es vital que los formuladores de pol\u00edticas, profesionales y activistas ubicados en el Norte Global, reconozcan sus propios privilegios, conocezcan sus propias posiciones, y reflexionen sobre c\u00f3mo contribuyen a perpetuar ciertas concepciones sesgadas del &#8216;desarrollo&#8217;. Es esencial adoptar un enfoque cr\u00edtico y reflexivo sobre los supuestos que sustentan las percepciones de lo que constituye una &#8220;buena vida&#8221; en oposici\u00f3n a los marcos euroc\u00e9ntricos de &#8220;desarrollo&#8221;. C\u00f3mo capturamos y comunicamos ese conocimiento y qui\u00e9n llega a formar y presentar ideas como conocimiento experto relevante.<\/p>\n<h2 style=\"text-align: justify;\"><b>Llevar a la pr\u00e1ctica el postdesarrollo<\/b><\/h2>\n<p style=\"text-align: justify;\">Es necesario tomar medidas en ambos lados, tanto desde arriba como desde abajo. En otros escritos he abogado por promocionar redes de solidaridad transnacionales, pero este nivel micro no puede ser el \u00fanico punto de acci\u00f3n.<\/p>\n<p style=\"text-align: justify;\">Tambi\u00e9n es necesario actuar a nivel estatal, comenzando en el llamado Norte Global. Los cambios radicales en lo que <a href=\"https:\/\/krisis.eu\/imperial-mode-of-living\/\">Brand y Wissen<\/a> han llamado el &#8220;modo de vida imperial&#8221; no se pueden lograr a trav\u00e9s de mecanismos de mercado, sino a trav\u00e9s de regulaciones y pol\u00edticas. A <a href=\"https:\/\/euobserver.com\/opinion\/146119\">nivel de la UE,<\/a> como uno de los actores comerciales m\u00e1s fuertes del mundo, esto podr\u00eda significar lidere las reformas estructurales que hagan que el sistema comercial global sea realmente justo. En el contexto de las negociaciones en curso sobre una <a href=\"https:\/\/ec.europa.eu\/europeaid\/policies\/european-development-policy\/acp-eu-partnership-after-2020_en\">asociaci\u00f3n ACP-UE<\/a> <a href=\"https:\/\/ec.europa.eu\/europeaid\/policies\/european-development-policy\/acp-eu-partnership-after-2020_en\">despu\u00e9s de 2020<\/a>, se plantea ya un impulso para la acci\u00f3n concreta. Lo mismo se aplica a las cuestiones de justicia fiscal y justicia clim\u00e1tica, donde la UE como uni\u00f3n tiene un <a href=\"https:\/\/euobserver.com\/opinion\/146119\">papel importante<\/a> que desempe\u00f1ar a nivel mundial.<\/p>\n<p style=\"text-align: justify;\">Aqu\u00ed estamos ya cerrando el c\u00edrculo completo. Al reconocer el legado colonial del &#8220;desarrollo&#8221; como un proyecto, como un discurso, como un concepto, el Norte Global necesita confrontarse a s\u00ed mismo. Un &#8220;postdesarrollo pr\u00e1ctico&#8221;, en primer lugar, debe significar &#8220;subdesarrollar&#8221; el Norte. En este sentido, el postdesarrollo comienza <a href=\"https:\/\/convivialthinking.org\/index.php\/2019\/09\/14\/undeveloping-the-north\/\">&#8216;en casa&#8217;<\/a>.<\/p>\n<\/div>\n<\/div>\n","protected":false},"excerpt":{"rendered":"<p>by Julia Sch\u00f6neberg First published on democracia abierta Es hora de abandonar el desarrollo y pensar en el postdesarrollo. \u00bfDefiendes el pensamiento libre para el mundo? En democraciaAbierta, luchamos contra la censura, el miedo, los fake news y la manipulaci\u00f3n, defendiendo el pensamiento libre para el mundo. Dona y convi\u00e9rtete, junto a nosotros, en defensor &hellip; <a href=\"https:\/\/convivialthinking.org\/index.php\/desarrollo-un-proyecto-fallido\/\" class=\"more-link\">Continue reading<span class=\"screen-reader-text\"> &#8220;Desarrollo: un proyecto fallido&#8221;<\/span><\/a><\/p>\n","protected":false},"author":207,"featured_media":0,"parent":0,"menu_order":0,"comment_status":"closed","ping_status":"closed","template":"","meta":{"_bbp_topic_count":0,"_bbp_reply_count":0,"_bbp_total_topic_count":0,"_bbp_total_reply_count":0,"_bbp_voice_count":0,"_bbp_anonymous_reply_count":0,"_bbp_topic_count_hidden":0,"_bbp_reply_count_hidden":0,"_bbp_forum_subforum_count":0,"om_disable_all_campaigns":false,"_monsterinsights_skip_tracking":false,"_monsterinsights_sitenote_active":false,"_monsterinsights_sitenote_note":"","_monsterinsights_sitenote_category":0,"_uf_show_specific_survey":0,"_uf_disable_surveys":false,"footnotes":""},"categories":[],"tags":[],"class_list":["post-1092","page","type-page","status-publish","hentry"],"aioseo_notices":[],"_links":{"self":[{"href":"https:\/\/convivialthinking.org\/index.php\/wp-json\/wp\/v2\/pages\/1092","targetHints":{"allow":["GET"]}}],"collection":[{"href":"https:\/\/convivialthinking.org\/index.php\/wp-json\/wp\/v2\/pages"}],"about":[{"href":"https:\/\/convivialthinking.org\/index.php\/wp-json\/wp\/v2\/types\/page"}],"author":[{"embeddable":true,"href":"https:\/\/convivialthinking.org\/index.php\/wp-json\/wp\/v2\/users\/207"}],"replies":[{"embeddable":true,"href":"https:\/\/convivialthinking.org\/index.php\/wp-json\/wp\/v2\/comments?post=1092"}],"version-history":[{"count":1,"href":"https:\/\/convivialthinking.org\/index.php\/wp-json\/wp\/v2\/pages\/1092\/revisions"}],"predecessor-version":[{"id":1093,"href":"https:\/\/convivialthinking.org\/index.php\/wp-json\/wp\/v2\/pages\/1092\/revisions\/1093"}],"wp:attachment":[{"href":"https:\/\/convivialthinking.org\/index.php\/wp-json\/wp\/v2\/media?parent=1092"}],"wp:term":[{"taxonomy":"category","embeddable":true,"href":"https:\/\/convivialthinking.org\/index.php\/wp-json\/wp\/v2\/categories?post=1092"},{"taxonomy":"post_tag","embeddable":true,"href":"https:\/\/convivialthinking.org\/index.php\/wp-json\/wp\/v2\/tags?post=1092"}],"curies":[{"name":"wp","href":"https:\/\/api.w.org\/{rel}","templated":true}]}}