{"id":1080,"date":"2020-01-07T14:31:07","date_gmt":"2020-01-07T13:31:07","guid":{"rendered":"https:\/\/www.convivialthinking.org\/?page_id=1080"},"modified":"2020-01-07T14:31:07","modified_gmt":"2020-01-07T13:31:07","slug":"slovenian","status":"publish","type":"page","link":"https:\/\/convivialthinking.org\/index.php\/slovenian\/","title":{"rendered":"Slovenian"},"content":{"rendered":"<p><em>Big thanks to Tadej Pirc for the translation!<\/em><\/p>\n<p style=\"text-align: justify;\">Smo odprta skupina raziskovalcev, ki razmi\u0161ljamo in pi\u0161emo o vseh vpra\u0161anjih povezanih s po- in dekolonialnimi pristopi v kontekstu razvoja, razvojnih ved in \u0161ir\u0161e. Menimo, da so po- in dekolonialne perspektive preve\u010d pomembne, da bi jih razvojne razprave in akademski svet lahko spregledali.<\/p>\n<p style=\"text-align: justify;\">Izraz konvivialnost (<em>conviviality<\/em>, sl. tudi prijateljstvo) se uporablja v mnogih razli\u010dnih pomenih in kontekstih. Nam pomeni pravi\u010dnost, vzajemno spo\u0161tovanje drug drugega in naravnega sveta ter skupno prevzemanje odgovornosti za to, kako \u017eivimo, delujemo in se anga\u017eiramo. Z ustvarjanjem prostora za konvivialno mi\u0161ljenje \u017eelimo narediti korak k prelomu s krogom dihotomne reprodukcije razmerij mi\/oni, Zahod\/ostali, razviti\/nerazviti \u2026 ter neskon\u010dno reprodukcijo reformatorjev in reformiranih.<\/p>\n<p style=\"text-align: justify;\">Klju\u010dno vpra\u0161anje za nas je ugotoviti, \u010desa ne vemo, v primerjavi s tem, kaj vemo na podlagi obi\u010dajnega medija produkcije vednosti. Po na\u0161em mnenju te\u010de pot naproti spoznanju nepoznanega, ki je po naravi pokolonialno, skozi nedoma\u010da okolja, tako po strukturi kakor tudi vsebini trenutnih akademskih medijev. Na\u0161 namen je deteritorializirati in decentrirati oz. ponovno usredi\u0161\u010diti platforme ter razprave o razvoju, in sicer s tistimi glasovi, umetni\u0161kimi deli in mnenji, ki so uti\u0161ani ali izgubljeni v hierarhi\u010dnih prostorih publikacij. V skladu z duhom tradicionalnih paradigem po- in dekolonialnih ved nameravamo nuditi prostor tistim avtorjem, umetnikom, pisateljem, pesnikom in mislecem, ki \u017eelijo prenesti svoja sporo\u010dila preko neformalnih, odprto dostopnih medijev; zato je nastalo to spletno mesto.<\/p>\n<p style=\"text-align: justify;\">Kakor Robert Young (2003) vztraja, da pokolonializem zmeraj pomeni transformacijsko politiko, katere namen je zmanj\u0161anje neenakosti in odstranitev hierarhij v dr\u017eavah in institucijah, tudi mi posve\u010damo to spletno mesto zmanj\u0161anju neenakosti in hierarhijam, ki obstajajo znotraj akademije bodisi z dopu\u0161\u010danjem bodisi s prepre\u010devanjem produkcije dolo\u010denih misli. Sebe ume\u0161\u010damo kot zastavono\u0161e novega na\u010dina produkcije vednosti, v katerem so meje izvora, etni\u010dnosti, institucionalne pripadnosti, akademskih disciplin itn. prese\u017eene z namenom ustvarjanja vklju\u010dujo\u010dih, interdisciplinarnih in alternativnih pristopov v primerjavi s prevladujo\u010dimi metodami produkcije vednosti; zato konvivialno mi\u0161ljenje!<\/p>\n<p style=\"text-align: justify;\">Razvoj je kot koncept in praksa globoko politi\u010den. Vklju\u010duje mo\u010d in vednost, reprezentacijo, spor, boj ter procese pogajanja na lokalni, nacionalni in globalni ravni. Razvoj ni nikoli nevtralen. Poskusi zanikanja tega preprosto popustijo teleologiji, ki poustvari \u00bbneskon\u010dno lo\u010ditev med reformatorji in tistimi, ki jih je treba reformirati\u00ab (Escobar 1995). Mi smo politi\u010dni. To spletno mesto je politi\u010dno.<\/p>\n<p style=\"text-align: justify;\">Na teh straneh si nasprotno prizadevamo ustvariti platformo za kriti\u010dno misel ter boji\u0161\u010de za horizontalne dialoge in sodelovanje.<\/p>\n<p style=\"text-align: justify;\">Vsebine teh strani se nenehno razvijajo. Glave za vzdr\u017eevanjem in koordinacijo tega spletnega mesta so Sayan Dey (Kraljeva univerza v Butanu), Lata Narayanaswamy (Univerza v Leedsu), Aftab Nasir (Formanov kr\u0161\u010danski kolid\u017e univerze Lahore) in Julia Sch\u00f6neberg (Univerza v Kasslu). Vse ostalo je v sodelujo\u010dih rokah! Vabimo vse, da prispevate! Preprosto stopite v stik!<\/p>\n<p style=\"text-align: justify;\"><strong>Kako prispevati?<\/strong><\/p>\n<p style=\"text-align: justify;\">Za kontakt ali pridru\u017eitev mailing listi prosimo kliknite <a href=\"https:\/\/convivialthinking.org\/index.php\/contact\/\">tukaj<\/a>.<\/p>\n<p style=\"text-align: justify;\">Ponosni smo, da predstavljamo umetni\u0161ka dela Angie Vanesse C\u00e1rdenas Roe. Prosimo obi\u0161\u010dite njeno <a href=\"https:\/\/angievanessita.com\/\">spletno stran<\/a>.<\/p>\n<p style=\"text-align: justify;\">Hvale\u017eni smo za finan\u010dno podporo <a href=\"http:\/\/www.uni-kassel.de\/fb05\/en\/fachgruppen\/politikwissenschaft\/department-for-development-and-postcolonial-studies.html\">Oddelka za razvojne in pokolinalne vede Univerze v Kasslu, Nem\u010dija<\/a>.<\/p>\n<p style=\"text-align: justify;\">Convivial Thinking sodeluje z delovno skupino EADI na temo <a href=\"https:\/\/www.eadi.org\/wg\/postcolonial\/\">\u00bbPo- in dekolonialne perspektive razvoja\u00ab.<\/a><\/p>\n","protected":false},"excerpt":{"rendered":"<p>Big thanks to Tadej Pirc for the translation! Smo odprta skupina raziskovalcev, ki razmi\u0161ljamo in pi\u0161emo o vseh vpra\u0161anjih povezanih s po- in dekolonialnimi pristopi v kontekstu razvoja, razvojnih ved in \u0161ir\u0161e. Menimo, da so po- in dekolonialne perspektive preve\u010d pomembne, da bi jih razvojne razprave in akademski svet lahko spregledali. Izraz konvivialnost (conviviality, sl. &hellip; <a href=\"https:\/\/convivialthinking.org\/index.php\/slovenian\/\" class=\"more-link\">Continue reading<span class=\"screen-reader-text\"> &#8220;Slovenian&#8221;<\/span><\/a><\/p>\n","protected":false},"author":207,"featured_media":0,"parent":0,"menu_order":0,"comment_status":"closed","ping_status":"closed","template":"","meta":{"_bbp_topic_count":0,"_bbp_reply_count":0,"_bbp_total_topic_count":0,"_bbp_total_reply_count":0,"_bbp_voice_count":0,"_bbp_anonymous_reply_count":0,"_bbp_topic_count_hidden":0,"_bbp_reply_count_hidden":0,"_bbp_forum_subforum_count":0,"om_disable_all_campaigns":false,"_monsterinsights_skip_tracking":false,"_monsterinsights_sitenote_active":false,"_monsterinsights_sitenote_note":"","_monsterinsights_sitenote_category":0,"_uf_show_specific_survey":0,"_uf_disable_surveys":false,"footnotes":""},"categories":[],"tags":[],"class_list":["post-1080","page","type-page","status-publish","hentry"],"aioseo_notices":[],"_links":{"self":[{"href":"https:\/\/convivialthinking.org\/index.php\/wp-json\/wp\/v2\/pages\/1080","targetHints":{"allow":["GET"]}}],"collection":[{"href":"https:\/\/convivialthinking.org\/index.php\/wp-json\/wp\/v2\/pages"}],"about":[{"href":"https:\/\/convivialthinking.org\/index.php\/wp-json\/wp\/v2\/types\/page"}],"author":[{"embeddable":true,"href":"https:\/\/convivialthinking.org\/index.php\/wp-json\/wp\/v2\/users\/207"}],"replies":[{"embeddable":true,"href":"https:\/\/convivialthinking.org\/index.php\/wp-json\/wp\/v2\/comments?post=1080"}],"version-history":[{"count":1,"href":"https:\/\/convivialthinking.org\/index.php\/wp-json\/wp\/v2\/pages\/1080\/revisions"}],"predecessor-version":[{"id":1081,"href":"https:\/\/convivialthinking.org\/index.php\/wp-json\/wp\/v2\/pages\/1080\/revisions\/1081"}],"wp:attachment":[{"href":"https:\/\/convivialthinking.org\/index.php\/wp-json\/wp\/v2\/media?parent=1080"}],"wp:term":[{"taxonomy":"category","embeddable":true,"href":"https:\/\/convivialthinking.org\/index.php\/wp-json\/wp\/v2\/categories?post=1080"},{"taxonomy":"post_tag","embeddable":true,"href":"https:\/\/convivialthinking.org\/index.php\/wp-json\/wp\/v2\/tags?post=1080"}],"curies":[{"name":"wp","href":"https:\/\/api.w.org\/{rel}","templated":true}]}}